{"id":3189,"date":"2020-07-07T02:35:31","date_gmt":"2020-07-07T00:35:31","guid":{"rendered":"https:\/\/okumenikus.oandertest.hu\/jotekonysagi-futas\/"},"modified":"2020-07-23T09:33:33","modified_gmt":"2020-07-23T07:33:33","slug":"jotekonysagi-futas","status":"publish","type":"page","link":"https:\/\/okumenikus.oandertest.hu\/en\/jotekonysagi-futas","title":{"rendered":"J\u00f3t\u00e9konys\u00e1gi fut\u00e1s"},"content":{"rendered":"","protected":false},"excerpt":{"rendered":"","protected":false},"author":18,"featured_media":0,"parent":0,"menu_order":0,"comment_status":"closed","ping_status":"closed","template":"","meta":{"_acf_changed":false,"footnotes":""},"class_list":["post-3189","page","type-page","status-publish","hentry"],"better_featured_image":null,"acf":{"is-hero":true,"hero-layout":"left","hero-subtitle":"Ne csak szurkolj, seg\u00edts!","hero-cover-media-type":"image","hero-background":3032,"hero-media-type":"image","hero-button":"","page-sections":[{"acf_fc_layout":"image-text","align":"left","image":{"ID":3046,"id":3046,"title":"bevezeto","filename":"bevezeto-2.jpg","filesize":195629,"url":"https:\/\/okumenikus.oandertest.hu\/app\/uploads\/2020\/07\/bevezeto-2.jpg","link":"https:\/\/okumenikus.oandertest.hu\/en\/jotekonysagi-futas\/bevezeto-3-2","alt":"","author":"18","description":"","caption":"","name":"bevezeto-3-2","status":"inherit","uploaded_to":3189,"date":"2020-07-07 00:35:22","modified":"2020-07-07 00:35:22","menu_order":0,"mime_type":"image\/jpeg","type":"image","subtype":"jpeg","icon":"https:\/\/okumenikus.oandertest.hu\/wp\/wp-includes\/images\/media\/default.png","width":720,"height":480,"sizes":{"thumbnail":"https:\/\/okumenikus.oandertest.hu\/app\/uploads\/2020\/07\/bevezeto-2-270x270.jpg","thumbnail-width":270,"thumbnail-height":270,"medium":"https:\/\/okumenikus.oandertest.hu\/app\/uploads\/2020\/07\/bevezeto-2-600x400.jpg","medium-width":600,"medium-height":400,"medium_large":"https:\/\/okumenikus.oandertest.hu\/app\/uploads\/2020\/07\/bevezeto-2.jpg","medium_large-width":720,"medium_large-height":480,"large":"https:\/\/okumenikus.oandertest.hu\/app\/uploads\/2020\/07\/bevezeto-2.jpg","large-width":720,"large-height":480,"1536x1536":"https:\/\/okumenikus.oandertest.hu\/app\/uploads\/2020\/07\/bevezeto-2.jpg","1536x1536-width":720,"1536x1536-height":480,"2048x2048":"https:\/\/okumenikus.oandertest.hu\/app\/uploads\/2020\/07\/bevezeto-2.jpg","2048x2048-width":720,"2048x2048-height":480,"card-image":"https:\/\/okumenikus.oandertest.hu\/app\/uploads\/2020\/07\/bevezeto-2-510x270.jpg","card-image-width":510,"card-image-height":270,"post_list_image":"https:\/\/okumenikus.oandertest.hu\/app\/uploads\/2020\/07\/bevezeto-2-575x350.jpg","post_list_image-width":575,"post_list_image-height":350}},"title":"","text":"<p>Az \u00d6kumenikus Seg\u00e9lyszervezet \u201eNE CSAK SZURKOLJ, SEG\u00cdTS!\u201d nev\u0171 j\u00f3t\u00e9kony fut\u00f3k\u00f6z\u00f6ss\u00e9g\u00e9nek c\u00e9lja, hogy r\u00e1ir\u00e1ny\u00edtsa a t\u00f6bbi fut\u00f3, illetve a szurkol\u00f3k figyelm\u00e9t a Seg\u00e9lyszervezet c\u00e9lkit\u0171z\u00e9seire, \u00e9s ez\u00e1ltal min\u00e9l t\u00f6bb embert v\u00e1ltoztasson szurkol\u00f3b\u00f3l akt\u00edv seg\u00edt\u0151v\u00e9.<\/p>\n<p><em>V\u00e1runk t\u00e9ged is a csapatba, ha&#8230;<\/em><\/p>\n<p>&#8230;sz\u00edvesen k\u00f6t\u00f6d \u00f6ssze a fut\u00e1st j\u00f3t\u00e9konys\u00e1ggal, \u00e9s<\/p>\n<p>&#8230;m\u00e1r tudod: a j\u00f3 c\u00e9lokkal nem el\u00e9g egyet\u00e9rteni, nem el\u00e9g szurkolni \u00e9rt\u00fck,<\/p>\n<p>hanem akt\u00edvan tenni is kell az\u00e9rt, hogy megval\u00f3suljanak!<\/p>\n"},{"acf_fc_layout":"cta-row","text":"Jelentkezz j\u00f3t\u00e9konys\u00e1gi fut\u00f3csapatunkba!","primary":{"primary-button":{"title":"Jelentkezem","url":"mailto:necsakszurkolj@segelyszervezet.hu","target":""},"is-donation":false},"secondary-button":"","description":"","full-width":false},{"acf_fc_layout":"rich-text","text":"<h1 style=\"text-align: center;\">K\u00f6vetkez\u0151 versenyek, ahol jelen lesz\u00fcnk<\/h1>\n"},{"acf_fc_layout":"image","image":{"ID":3034,"id":3034,"title":"Mo_terkep_futohelyszinek_BJF_2020","filename":"Mo_terkep_futohelyszinek_BJF_2020.jpg","filesize":272827,"url":"https:\/\/okumenikus.oandertest.hu\/app\/uploads\/2020\/07\/Mo_terkep_futohelyszinek_BJF_2020.jpg","link":"https:\/\/okumenikus.oandertest.hu\/en\/jotekonysagi-futas\/mo_terkep_futohelyszinek_bjf_2020-2","alt":"","author":"18","description":"","caption":"","name":"mo_terkep_futohelyszinek_bjf_2020-2","status":"inherit","uploaded_to":3189,"date":"2020-07-07 00:03:02","modified":"2020-07-07 00:03:02","menu_order":0,"mime_type":"image\/jpeg","type":"image","subtype":"jpeg","icon":"https:\/\/okumenikus.oandertest.hu\/wp\/wp-includes\/images\/media\/default.png","width":1920,"height":800,"sizes":{"thumbnail":"https:\/\/okumenikus.oandertest.hu\/app\/uploads\/2020\/07\/Mo_terkep_futohelyszinek_BJF_2020-270x270.jpg","thumbnail-width":270,"thumbnail-height":270,"medium":"https:\/\/okumenikus.oandertest.hu\/app\/uploads\/2020\/07\/Mo_terkep_futohelyszinek_BJF_2020-600x250.jpg","medium-width":600,"medium-height":250,"medium_large":"https:\/\/okumenikus.oandertest.hu\/app\/uploads\/2020\/07\/Mo_terkep_futohelyszinek_BJF_2020-768x320.jpg","medium_large-width":768,"medium_large-height":320,"large":"https:\/\/okumenikus.oandertest.hu\/app\/uploads\/2020\/07\/Mo_terkep_futohelyszinek_BJF_2020-1440x600.jpg","large-width":1440,"large-height":600,"1536x1536":"https:\/\/okumenikus.oandertest.hu\/app\/uploads\/2020\/07\/Mo_terkep_futohelyszinek_BJF_2020-1536x640.jpg","1536x1536-width":1536,"1536x1536-height":640,"2048x2048":"https:\/\/okumenikus.oandertest.hu\/app\/uploads\/2020\/07\/Mo_terkep_futohelyszinek_BJF_2020.jpg","2048x2048-width":1920,"2048x2048-height":800,"card-image":"https:\/\/okumenikus.oandertest.hu\/app\/uploads\/2020\/07\/Mo_terkep_futohelyszinek_BJF_2020-510x270.jpg","card-image-width":510,"card-image-height":270,"post_list_image":"https:\/\/okumenikus.oandertest.hu\/app\/uploads\/2020\/07\/Mo_terkep_futohelyszinek_BJF_2020-575x350.jpg","post_list_image-width":575,"post_list_image-height":350}}},{"acf_fc_layout":"mosaic-content","mosaic_cropped":false,"mosaic_block_id":"","mosaic_block":[{"image":3038,"title":"Aktu\u00e1lis c\u00e9l","description":"Magyarorsz\u00e1gi fut\u00f3versenyeink c\u00e9lja Kapaszkod\u00f3 programunk t\u00e1mogat\u00e1sa. Kapaszkod\u00f3 programunk keret\u00e9ben orsz\u00e1gszerte 13 helysz\u00ednen t\u00f6bb mint 2000 h\u00e1tr\u00e1nyos helyzet\u0171 \u00e9s b\u00e1ntalmazott gyermek vesz r\u00e9szt rendszeresen k\u00f6z\u00f6ss\u00e9gi \u00e9s fejleszt\u0151 programjainkon. Szakemberek bevon\u00e1s\u00e1val arra t\u00f6reksz\u00fcnk, hogy a gyermekek minden seg\u00edts\u00e9get megkapjanak a szeg\u00e9nys\u00e9g okozta h\u00e1tr\u00e1nyok lek\u00fczd\u00e9s\u00e9hez. Int\u00e9zm\u00e9nyh\u00e1l\u00f3zatunkban a foglalkoz\u00e1sok sokf\u00e9les\u00e9ge (egy\u00e9ni fejleszt\u0151 foglalkoz\u00e1sok, lovas- \u00e9s mozg\u00e1ster\u00e1pia, kreat\u00edv- \u00e9s \u00e9lm\u00e9nyprogramok, korrepet\u00e1l\u00e1s, gy\u00f3gypedag\u00f3giai \u00e9s pszichol\u00f3giai szolg\u00e1ltat\u00e1sok) ad es\u00e9lyt a hossz\u00fa t\u00e1v\u00fa felz\u00e1rk\u00f3z\u00e1sra.<br \/>\r\n","link":""},{"image":3036,"title":"Beregsz\u00e1szi J\u00f3t\u00e9konys\u00e1gi F\u00e9lmaraton","description":"2015-ben hagyom\u00e1nyteremt\u0151 sz\u00e1nd\u00e9kkal szervezt\u00fck meg az els\u0151 Beregsz\u00e1szi J\u00f3t\u00e9konys\u00e1gi F\u00e9lmaratont K\u00e1rp\u00e1talj\u00e1n. A k\u00f6z\u00f6ss\u00e9gi kezdem\u00e9nyez\u00e9s c\u00e9lja, hogy felh\u00edvja a magyar k\u00f6zv\u00e9lem\u00e9ny figyelm\u00e9t a h\u00e1bor\u00fa nyom\u00e1n tov\u00e1bb roml\u00f3 gazdas\u00e1gi helyzet\u0171 szomsz\u00e9dos orsz\u00e1gban n\u00e9lk\u00fcl\u00f6z\u0151 csal\u00e1dokra, a seg\u00edts\u00e9gny\u00fajt\u00e1s fontoss\u00e1g\u00e1ra. Az elm\u00falt \u00e9vekben a verseny K\u00e1rp\u00e1talja legjelent\u0151sebb j\u00f3t\u00e9konys\u00e1gi fut\u00f3verseny\u00e9v\u00e9 v\u00e1lt.<br \/>\r\nAz idei verseny id\u0151pontja: 2020. okt\u00f3ber 3.<br \/>\r\nA versenyen val\u00f3 r\u00e9szv\u00e9tel ingyenes!","link":{"title":"Tov\u00e1bbi inform\u00e1ci\u00f3k a versenyr\u0151l","url":"http:\/\/www.beregrun.com","target":""}}]},{"acf_fc_layout":"rich-text","text":"<h1 style=\"text-align: center;\"><strong>Hogyan tudok seg\u00edteni?<\/strong><\/h1>\n"},{"acf_fc_layout":"mosaic-content","mosaic_cropped":false,"mosaic_block_id":"","mosaic_block":[{"image":3040,"title":"Fut\u00f3mez v\u00e1s\u00e1rl\u00e1s\u00e1val","description":"Fuss \u201eNE CSAK SZURKOLJ, SEG\u00cdTS!\u201d fut\u00f3mezben, melynek megv\u00e1s\u00e1rl\u00e1s\u00e1val aktu\u00e1lis c\u00e9lkit\u0171z\u00e9s\u00fcnket t\u00e1mogatod. A mez h\u00e1t\u00e1n a 1353-as adom\u00e1nyvonal sz\u00e1ma olvashat\u00f3, \u00edgy visel\u00e9sekor m\u00e1sokat is adom\u00e1nyoz\u00e1sra \u00f6szt\u00f6n\u00f6zhetsz! ","link":""},{"image":3042,"title":"Term\u00e9kek v\u00e1s\u00e1rl\u00e1s\u00e1val","description":"V\u00e1s\u00e1rolj \u201eNE CSAK SZURKOLJ, SEG\u00cdTS\" felirat\u00fa t\u00e1mogat\u00f3i term\u00e9keinkb\u0151l!","link":""},{"image":3044,"title":"Adom\u00e1nyoz\u00e1ssal","description":"Adom\u00e1nyozz honlapunkon, \u00e9s biztasd erre szurkol\u00f3idat is!","link":{"title":"T\u00e1mogasd kapaszkod\u00f3 programunkat!","url":"http:\/\/www.segelyszervezet.hu\/kapaszkodo","target":""}}]},{"acf_fc_layout":"rich-text","text":"<p><strong>\u00c9rdekel a program, mit tegyek? Mi az els\u0151 l\u00e9p\u00e9s?<\/strong><\/p>\n<p>Egyszer\u0171. Regisztr\u00e1lj e-mailben a necsakszurkolj@segelyszervezet.hu e-mail c\u00edmen! Mi pedig mindig megk\u00fcldj\u00fck neked a legfrissebb inform\u00e1ci\u00f3kat, pl. hogy mikor, melyik fut\u00f3versenyen \u00e9s milyen aktu\u00e1lis c\u00e9l\u00e9rt \u00e1llunk rajthoz.<\/p>\n<p>Csatlakozz <strong><a href=\"https:\/\/www.facebook.com\/groups\/necsakszurkolj\">Facebook csoportunkhoz<\/a><\/strong>, ahonnan mindig els\u0151 k\u00e9zb\u0151l tudsz majd \u00e9rtes\u00fclni a \u201eNE CSAK SZURKOLJ, SEG\u00cdTS!\u201d programot \u00e9rint\u0151 friss h\u00edrekr\u0151l.<\/p>\n<p>P\u00f3l\u00f3rendel\u00e9s: a fut\u00f3mezt megrendelheted el\u0151re e-mailen, vagy a kitelep\u00fcl\u00e9seinken szem\u00e9lyesen is megv\u00e1s\u00e1rolhatod. (Ha biztos akarsz lenni, abban, hogy legyen a m\u00e9retedben, javasoljuk az el\u0151rendel\u00e9st.)<\/p>\n<p>Ha tov\u00e1bbi k\u00e9rd\u00e9seid lenn\u00e9nek, a necsakszurkolj@segelyszervezet.hu email c\u00edmre \u00edrj nek\u00fcnk!<\/p>\n"},{"acf_fc_layout":"usp","title":"Teszt ikonok","list":[{"usp-icon":{"ID":4216,"id":4216,"title":"Adomanyozas_penz_szivvel","filename":"Adomanyozas_penz_szivvel.svg","filesize":2106,"url":"https:\/\/okumenikus.oandertest.hu\/app\/uploads\/2020\/07\/Adomanyozas_penz_szivvel.svg","link":"https:\/\/okumenikus.oandertest.hu\/en\/home\/adomanyozas_penz_szivvel-2","alt":"","author":"18","description":"","caption":"","name":"adomanyozas_penz_szivvel-2","status":"inherit","uploaded_to":1369,"date":"2020-07-09 14:39:28","modified":"2020-07-09 14:39:28","menu_order":0,"mime_type":"image\/svg+xml","type":"image","subtype":"svg+xml","icon":"https:\/\/okumenikus.oandertest.hu\/wp\/wp-includes\/images\/media\/default.png","width":50,"height":50,"sizes":{"thumbnail":"https:\/\/okumenikus.oandertest.hu\/app\/uploads\/2020\/07\/Adomanyozas_penz_szivvel.svg","thumbnail-width":50,"thumbnail-height":50,"medium":"https:\/\/okumenikus.oandertest.hu\/app\/uploads\/2020\/07\/Adomanyozas_penz_szivvel.svg","medium-width":50,"medium-height":50,"medium_large":"https:\/\/okumenikus.oandertest.hu\/app\/uploads\/2020\/07\/Adomanyozas_penz_szivvel.svg","medium_large-width":50,"medium_large-height":50,"large":"https:\/\/okumenikus.oandertest.hu\/app\/uploads\/2020\/07\/Adomanyozas_penz_szivvel.svg","large-width":50,"large-height":50,"1536x1536":"https:\/\/okumenikus.oandertest.hu\/app\/uploads\/2020\/07\/Adomanyozas_penz_szivvel.svg","1536x1536-width":50,"1536x1536-height":50,"2048x2048":"https:\/\/okumenikus.oandertest.hu\/app\/uploads\/2020\/07\/Adomanyozas_penz_szivvel.svg","2048x2048-width":50,"2048x2048-height":50,"card-image":"https:\/\/okumenikus.oandertest.hu\/app\/uploads\/2020\/07\/Adomanyozas_penz_szivvel.svg","card-image-width":50,"card-image-height":50,"post_list_image":"https:\/\/okumenikus.oandertest.hu\/app\/uploads\/2020\/07\/Adomanyozas_penz_szivvel.svg","post_list_image-width":50,"post_list_image-height":50}},"usp-label":"Teszt","usp-link":""},{"usp-icon":{"ID":3956,"id":3956,"title":"Segelycsomag_telidoboz","filename":"Segelycsomag_telidoboz-1.svg","filesize":1480,"url":"https:\/\/okumenikus.oandertest.hu\/app\/uploads\/2020\/07\/Segelycsomag_telidoboz-1.svg","link":"https:\/\/okumenikus.oandertest.hu\/en?attachment_id=3956","alt":"","author":"1","description":"","caption":"","name":"segelycsomag_telidoboz-2-2","status":"inherit","uploaded_to":4377,"date":"2020-07-08 16:24:50","modified":"2020-07-23 07:24:41","menu_order":0,"mime_type":"image\/svg+xml","type":"image","subtype":"svg+xml","icon":"https:\/\/okumenikus.oandertest.hu\/wp\/wp-includes\/images\/media\/default.png","width":50,"height":50,"sizes":{"thumbnail":"https:\/\/okumenikus.oandertest.hu\/app\/uploads\/2020\/07\/Segelycsomag_telidoboz-1.svg","thumbnail-width":50,"thumbnail-height":50,"medium":"https:\/\/okumenikus.oandertest.hu\/app\/uploads\/2020\/07\/Segelycsomag_telidoboz-1.svg","medium-width":50,"medium-height":50,"medium_large":"https:\/\/okumenikus.oandertest.hu\/app\/uploads\/2020\/07\/Segelycsomag_telidoboz-1.svg","medium_large-width":50,"medium_large-height":50,"large":"https:\/\/okumenikus.oandertest.hu\/app\/uploads\/2020\/07\/Segelycsomag_telidoboz-1.svg","large-width":50,"large-height":50,"1536x1536":"https:\/\/okumenikus.oandertest.hu\/app\/uploads\/2020\/07\/Segelycsomag_telidoboz-1.svg","1536x1536-width":50,"1536x1536-height":50,"2048x2048":"https:\/\/okumenikus.oandertest.hu\/app\/uploads\/2020\/07\/Segelycsomag_telidoboz-1.svg","2048x2048-width":50,"2048x2048-height":50,"card-image":"https:\/\/okumenikus.oandertest.hu\/app\/uploads\/2020\/07\/Segelycsomag_telidoboz-1.svg","card-image-width":50,"card-image-height":50,"post_list_image":"https:\/\/okumenikus.oandertest.hu\/app\/uploads\/2020\/07\/Segelycsomag_telidoboz-1.svg","post_list_image-width":50,"post_list_image-height":50}},"usp-label":"Teszt","usp-link":""},{"usp-icon":{"ID":3954,"id":3954,"title":"Oktatasfejlesztes_laptop","filename":"Oktatasfejlesztes_laptop-1.svg","filesize":1329,"url":"https:\/\/okumenikus.oandertest.hu\/app\/uploads\/2020\/07\/Oktatasfejlesztes_laptop-1.svg","link":"https:\/\/okumenikus.oandertest.hu\/en\/jotekonysagi-futas\/oktatasfejlesztes_laptop-2-2","alt":"","author":"1","description":"","caption":"","name":"oktatasfejlesztes_laptop-2-2","status":"inherit","uploaded_to":3189,"date":"2020-07-08 16:24:49","modified":"2020-07-23 07:33:34","menu_order":0,"mime_type":"image\/svg+xml","type":"image","subtype":"svg+xml","icon":"https:\/\/okumenikus.oandertest.hu\/wp\/wp-includes\/images\/media\/default.png","width":50,"height":50,"sizes":{"thumbnail":"https:\/\/okumenikus.oandertest.hu\/app\/uploads\/2020\/07\/Oktatasfejlesztes_laptop-1.svg","thumbnail-width":50,"thumbnail-height":50,"medium":"https:\/\/okumenikus.oandertest.hu\/app\/uploads\/2020\/07\/Oktatasfejlesztes_laptop-1.svg","medium-width":50,"medium-height":50,"medium_large":"https:\/\/okumenikus.oandertest.hu\/app\/uploads\/2020\/07\/Oktatasfejlesztes_laptop-1.svg","medium_large-width":50,"medium_large-height":50,"large":"https:\/\/okumenikus.oandertest.hu\/app\/uploads\/2020\/07\/Oktatasfejlesztes_laptop-1.svg","large-width":50,"large-height":50,"1536x1536":"https:\/\/okumenikus.oandertest.hu\/app\/uploads\/2020\/07\/Oktatasfejlesztes_laptop-1.svg","1536x1536-width":50,"1536x1536-height":50,"2048x2048":"https:\/\/okumenikus.oandertest.hu\/app\/uploads\/2020\/07\/Oktatasfejlesztes_laptop-1.svg","2048x2048-width":50,"2048x2048-height":50,"card-image":"https:\/\/okumenikus.oandertest.hu\/app\/uploads\/2020\/07\/Oktatasfejlesztes_laptop-1.svg","card-image-width":50,"card-image-height":50,"post_list_image":"https:\/\/okumenikus.oandertest.hu\/app\/uploads\/2020\/07\/Oktatasfejlesztes_laptop-1.svg","post_list_image-width":50,"post_list_image-height":50}},"usp-label":"Teszt","usp-link":""},{"usp-icon":{"ID":3942,"id":3942,"title":"Irastudatlansag","filename":"Irastudatlansag-1.svg","filesize":3606,"url":"https:\/\/okumenikus.oandertest.hu\/app\/uploads\/2020\/07\/Irastudatlansag-1.svg","link":"https:\/\/okumenikus.oandertest.hu\/en\/jotekonysagi-futas\/irastudatlansag-2-2","alt":"","author":"1","description":"","caption":"","name":"irastudatlansag-2-2","status":"inherit","uploaded_to":3189,"date":"2020-07-08 16:21:28","modified":"2020-07-23 07:33:34","menu_order":0,"mime_type":"image\/svg+xml","type":"image","subtype":"svg+xml","icon":"https:\/\/okumenikus.oandertest.hu\/wp\/wp-includes\/images\/media\/default.png","width":50,"height":50,"sizes":{"thumbnail":"https:\/\/okumenikus.oandertest.hu\/app\/uploads\/2020\/07\/Irastudatlansag-1.svg","thumbnail-width":50,"thumbnail-height":50,"medium":"https:\/\/okumenikus.oandertest.hu\/app\/uploads\/2020\/07\/Irastudatlansag-1.svg","medium-width":50,"medium-height":50,"medium_large":"https:\/\/okumenikus.oandertest.hu\/app\/uploads\/2020\/07\/Irastudatlansag-1.svg","medium_large-width":50,"medium_large-height":50,"large":"https:\/\/okumenikus.oandertest.hu\/app\/uploads\/2020\/07\/Irastudatlansag-1.svg","large-width":50,"large-height":50,"1536x1536":"https:\/\/okumenikus.oandertest.hu\/app\/uploads\/2020\/07\/Irastudatlansag-1.svg","1536x1536-width":50,"1536x1536-height":50,"2048x2048":"https:\/\/okumenikus.oandertest.hu\/app\/uploads\/2020\/07\/Irastudatlansag-1.svg","2048x2048-width":50,"2048x2048-height":50,"card-image":"https:\/\/okumenikus.oandertest.hu\/app\/uploads\/2020\/07\/Irastudatlansag-1.svg","card-image-width":50,"card-image-height":50,"post_list_image":"https:\/\/okumenikus.oandertest.hu\/app\/uploads\/2020\/07\/Irastudatlansag-1.svg","post_list_image-width":50,"post_list_image-height":50}},"usp-label":"teszt","usp-link":""}]}]},"yoast_head":"<!-- This site is optimized with the Yoast SEO plugin v24.8 - https:\/\/yoast.com\/wordpress\/plugins\/seo\/ -->\n<title>J\u00f3t\u00e9konys\u00e1gi fut\u00e1s - \u00d6kumenikus Seg\u00e9lyszervezet<\/title>\n<meta name=\"robots\" content=\"noindex, follow, max-snippet:-1, max-image-preview:large, max-video-preview:-1\" \/>\n<meta property=\"og:locale\" content=\"en_US\" \/>\n<meta property=\"og:type\" content=\"article\" \/>\n<meta property=\"og:title\" content=\"J\u00f3t\u00e9konys\u00e1gi fut\u00e1s - \u00d6kumenikus Seg\u00e9lyszervezet\" \/>\n<meta property=\"og:url\" content=\"https:\/\/okumenikus.oandertest.hu\/jotekonysagi-futas\" \/>\n<meta property=\"og:site_name\" content=\"\u00d6kumenikus Seg\u00e9lyszervezet\" \/>\n<meta property=\"article:publisher\" content=\"https:\/\/www.facebook.com\/segelyszervezet\/\" \/>\n<meta property=\"article:modified_time\" content=\"2020-07-23T07:33:33+00:00\" \/>\n<meta name=\"twitter:card\" content=\"summary_large_image\" \/>\n<script type=\"application\/ld+json\" class=\"yoast-schema-graph\">{\"@context\":\"https:\/\/schema.org\",\"@graph\":[{\"@type\":\"WebPage\",\"@id\":\"https:\/\/okumenikus.oandertest.hu\/jotekonysagi-futas\",\"url\":\"https:\/\/okumenikus.oandertest.hu\/jotekonysagi-futas\",\"name\":\"J\u00f3t\u00e9konys\u00e1gi fut\u00e1s - \u00d6kumenikus Seg\u00e9lyszervezet\",\"isPartOf\":{\"@id\":\"https:\/\/okumenikus.oandertest.hu\/#website\"},\"datePublished\":\"2020-07-07T00:35:31+00:00\",\"dateModified\":\"2020-07-23T07:33:33+00:00\",\"breadcrumb\":{\"@id\":\"https:\/\/okumenikus.oandertest.hu\/jotekonysagi-futas#breadcrumb\"},\"inLanguage\":\"en-US\",\"potentialAction\":[{\"@type\":\"ReadAction\",\"target\":[\"https:\/\/okumenikus.oandertest.hu\/jotekonysagi-futas\"]}]},{\"@type\":\"BreadcrumbList\",\"@id\":\"https:\/\/okumenikus.oandertest.hu\/jotekonysagi-futas#breadcrumb\",\"itemListElement\":[{\"@type\":\"ListItem\",\"position\":1,\"name\":\"Home\",\"item\":\"https:\/\/okumenikus.oandertest.hu\/en\"},{\"@type\":\"ListItem\",\"position\":2,\"name\":\"J\u00f3t\u00e9konys\u00e1gi fut\u00e1s\"}]},{\"@type\":\"WebSite\",\"@id\":\"https:\/\/okumenikus.oandertest.hu\/#website\",\"url\":\"https:\/\/okumenikus.oandertest.hu\/\",\"name\":\"\u00d6kumenikus Seg\u00e9lyszervezet\",\"description\":\"\",\"potentialAction\":[{\"@type\":\"SearchAction\",\"target\":{\"@type\":\"EntryPoint\",\"urlTemplate\":\"https:\/\/okumenikus.oandertest.hu\/?s={search_term_string}\"},\"query-input\":{\"@type\":\"PropertyValueSpecification\",\"valueRequired\":true,\"valueName\":\"search_term_string\"}}],\"inLanguage\":\"en-US\"}]}<\/script>\n<!-- \/ Yoast SEO plugin. -->","yoast_head_json":{"title":"J\u00f3t\u00e9konys\u00e1gi fut\u00e1s - \u00d6kumenikus Seg\u00e9lyszervezet","robots":{"index":"noindex","follow":"follow","max-snippet":"max-snippet:-1","max-image-preview":"max-image-preview:large","max-video-preview":"max-video-preview:-1"},"og_locale":"en_US","og_type":"article","og_title":"J\u00f3t\u00e9konys\u00e1gi fut\u00e1s - \u00d6kumenikus Seg\u00e9lyszervezet","og_url":"https:\/\/okumenikus.oandertest.hu\/jotekonysagi-futas","og_site_name":"\u00d6kumenikus Seg\u00e9lyszervezet","article_publisher":"https:\/\/www.facebook.com\/segelyszervezet\/","article_modified_time":"2020-07-23T07:33:33+00:00","twitter_card":"summary_large_image","schema":{"@context":"https:\/\/schema.org","@graph":[{"@type":"WebPage","@id":"https:\/\/okumenikus.oandertest.hu\/jotekonysagi-futas","url":"https:\/\/okumenikus.oandertest.hu\/jotekonysagi-futas","name":"J\u00f3t\u00e9konys\u00e1gi fut\u00e1s - \u00d6kumenikus Seg\u00e9lyszervezet","isPartOf":{"@id":"https:\/\/okumenikus.oandertest.hu\/#website"},"datePublished":"2020-07-07T00:35:31+00:00","dateModified":"2020-07-23T07:33:33+00:00","breadcrumb":{"@id":"https:\/\/okumenikus.oandertest.hu\/jotekonysagi-futas#breadcrumb"},"inLanguage":"en-US","potentialAction":[{"@type":"ReadAction","target":["https:\/\/okumenikus.oandertest.hu\/jotekonysagi-futas"]}]},{"@type":"BreadcrumbList","@id":"https:\/\/okumenikus.oandertest.hu\/jotekonysagi-futas#breadcrumb","itemListElement":[{"@type":"ListItem","position":1,"name":"Home","item":"https:\/\/okumenikus.oandertest.hu\/en"},{"@type":"ListItem","position":2,"name":"J\u00f3t\u00e9konys\u00e1gi fut\u00e1s"}]},{"@type":"WebSite","@id":"https:\/\/okumenikus.oandertest.hu\/#website","url":"https:\/\/okumenikus.oandertest.hu\/","name":"\u00d6kumenikus Seg\u00e9lyszervezet","description":"","potentialAction":[{"@type":"SearchAction","target":{"@type":"EntryPoint","urlTemplate":"https:\/\/okumenikus.oandertest.hu\/?s={search_term_string}"},"query-input":{"@type":"PropertyValueSpecification","valueRequired":true,"valueName":"search_term_string"}}],"inLanguage":"en-US"}]}},"_links":{"self":[{"href":"https:\/\/okumenikus.oandertest.hu\/en\/wp-json\/wp\/v2\/pages\/3189","targetHints":{"allow":["GET"]}}],"collection":[{"href":"https:\/\/okumenikus.oandertest.hu\/en\/wp-json\/wp\/v2\/pages"}],"about":[{"href":"https:\/\/okumenikus.oandertest.hu\/en\/wp-json\/wp\/v2\/types\/page"}],"author":[{"embeddable":true,"href":"https:\/\/okumenikus.oandertest.hu\/en\/wp-json\/wp\/v2\/users\/18"}],"replies":[{"embeddable":true,"href":"https:\/\/okumenikus.oandertest.hu\/en\/wp-json\/wp\/v2\/comments?post=3189"}],"version-history":[{"count":2,"href":"https:\/\/okumenikus.oandertest.hu\/en\/wp-json\/wp\/v2\/pages\/3189\/revisions"}],"predecessor-version":[{"id":4385,"href":"https:\/\/okumenikus.oandertest.hu\/en\/wp-json\/wp\/v2\/pages\/3189\/revisions\/4385"}],"wp:attachment":[{"href":"https:\/\/okumenikus.oandertest.hu\/en\/wp-json\/wp\/v2\/media?parent=3189"}],"curies":[{"name":"wp","href":"https:\/\/api.w.org\/{rel}","templated":true}]}}