{"id":2455,"date":"2020-07-03T06:28:13","date_gmt":"2020-07-03T04:28:13","guid":{"rendered":"https:\/\/okumenikus.oandertest.hu\/kozossegunk\/"},"modified":"2020-07-09T21:44:39","modified_gmt":"2020-07-09T19:44:39","slug":"our-community","status":"publish","type":"page","link":"https:\/\/okumenikus.oandertest.hu\/en\/our-community","title":{"rendered":"Our community"},"content":{"rendered":"","protected":false},"excerpt":{"rendered":"","protected":false},"author":18,"featured_media":0,"parent":0,"menu_order":0,"comment_status":"closed","ping_status":"closed","template":"","meta":{"_acf_changed":false,"footnotes":""},"class_list":["post-2455","page","type-page","status-publish","hentry"],"better_featured_image":null,"acf":{"is-hero":true,"hero-media-type":"image","hero-layout":"left","hero-subtitle":"Our main strength is the expanding network of partners that come together again and again for good causes. ","hero-button":"","hero-cover-media-type":"image","hero-background":1779,"page-sections":[{"acf_fc_layout":"image-text","align":"left","image":{"ID":2271,"id":2271,"title":"csapatunk","filename":"csapatunk.jpg","filesize":500248,"url":"https:\/\/okumenikus.oandertest.hu\/app\/uploads\/2020\/07\/csapatunk.jpg","link":"https:\/\/okumenikus.oandertest.hu\/en\/our-community\/csapatunk-2","alt":"","author":"18","description":"","caption":"","name":"csapatunk-2","status":"inherit","uploaded_to":2455,"date":"2020-07-03 04:21:23","modified":"2020-07-03 04:21:23","menu_order":0,"mime_type":"image\/jpeg","type":"image","subtype":"jpeg","icon":"https:\/\/okumenikus.oandertest.hu\/wp\/wp-includes\/images\/media\/default.png","width":960,"height":440,"sizes":{"thumbnail":"https:\/\/okumenikus.oandertest.hu\/app\/uploads\/2020\/07\/csapatunk-270x270.jpg","thumbnail-width":270,"thumbnail-height":270,"medium":"https:\/\/okumenikus.oandertest.hu\/app\/uploads\/2020\/07\/csapatunk-600x275.jpg","medium-width":600,"medium-height":275,"medium_large":"https:\/\/okumenikus.oandertest.hu\/app\/uploads\/2020\/07\/csapatunk-768x352.jpg","medium_large-width":768,"medium_large-height":352,"large":"https:\/\/okumenikus.oandertest.hu\/app\/uploads\/2020\/07\/csapatunk.jpg","large-width":960,"large-height":440,"1536x1536":"https:\/\/okumenikus.oandertest.hu\/app\/uploads\/2020\/07\/csapatunk.jpg","1536x1536-width":960,"1536x1536-height":440,"2048x2048":"https:\/\/okumenikus.oandertest.hu\/app\/uploads\/2020\/07\/csapatunk.jpg","2048x2048-width":960,"2048x2048-height":440,"card-image":"https:\/\/okumenikus.oandertest.hu\/app\/uploads\/2020\/07\/csapatunk-510x270.jpg","card-image-width":510,"card-image-height":270,"post_list_image":"https:\/\/okumenikus.oandertest.hu\/app\/uploads\/2020\/07\/csapatunk-575x350.jpg","post_list_image-width":575,"post_list_image-height":350}},"title":"Our team","text":"<p>Professionalism and humanity, together. The heart of our community is the approximately 400 employees whose vocation is to help more and help better. They work everyday with their best knowledge for the set goals and for a better world.<\/p>\n<p>&nbsp;<\/p>\n"},{"acf_fc_layout":"gallery","gallery_title":"Our leaders","gallery_images":[{"image":2277,"title":"Krist\u00f3f G\u00e1ncs, Director of Communications Department"},{"image":2281,"title":"L\u00e1szl\u00f3 Lehel, President-Director"},{"image":2275,"title":"Andrea Cs\u00e1kv\u00e1ri, Director of Financial Department"},{"image":2273,"title":"Bal\u00e1zs R\u00e1csok, Director of Social Department"},{"image":2405,"title":"M\u00f3nika Auerhammer, Director of Development Department"},{"image":2279,"title":"Kl\u00e1ra Keveh\u00e1zi, Director of Humanitarian and International Development Department"}]},{"acf_fc_layout":"mosaic-content","mosaic_cropped":false,"mosaic_block_id":"","mosaic_block":[{"image":2285,"title":"Our volunteers ","description":"Since its foundation, our organization has involved thousands of volunteers in its work. In our day-to-day activities, the dedicated work of our volunteers is essential: in the relief work provided in crisis situations, in fundraising and awareness-raising, at various events, in supporting our social work and in other areas.","link":""}]},{"acf_fc_layout":"carousel","layout":"full","section-title":"Goodwill Ambassadors ","list":[{"media-type":"image","image":2295,"video":{"source":"","youtube-url":"","from-file":{"file":false,"cover":false}},"title":"Anik\u00f3 L\u00e9vai","text":"<p>She has been assisting the work of the Hungarian Interchurch Aid since 1998 as a goodwill ambassador; both in word and deed &#8211; from behind the pulpit and in rubber boots as well.<\/p>\n"},{"media-type":"image","image":2293,"video":{"source":"","youtube-url":"","from-file":{"file":false,"cover":false}},"title":"Istv\u00e1n \"Koko\" Kov\u00e1cs","text":"<p>Our world-famous boxer has been volunteering for Hungarian Interchurch Aid since 2004. As a father, a businessman and a sports journalist he always finds the time to provide support to those in need and to set an example for young people.<\/p>\n"}]},{"acf_fc_layout":"gallery","gallery_title":"Our well-known volunteers - They give more than their names ","gallery_images":[{"image":2297,"title":"Kati Wolf"},{"image":2299,"title":"D\u00e1niel Gyurta"},{"image":2301,"title":"Eszter Iszak"},{"image":2303,"title":"Attila Katus"},{"image":2305,"title":"Ram\u00f3na Kiss"},{"image":2307,"title":"Ervin Nagy"},{"image":2309,"title":"Kriszta R\u00e1tonyi"},{"image":2311,"title":"\u00c1gnes Szabados"},{"image":2313,"title":"Csaba Vastag"},{"image":2315,"title":"Vivien M\u00e1dai"},{"image":2317,"title":"Gergely Kiss"},{"image":2319,"title":"Iain Lindsay"}]},{"acf_fc_layout":"mosaic-content","mosaic_cropped":false,"mosaic_block_id":"","mosaic_block":[{"image":2322,"title":"Donors ","description":"Our donors provide the largest group of HIA's the community. Their moral and financial support enables our organization to help more people in need and to provide even more effective support.<br \/>\r\nThe proof of our transparent and ethical fundraising activity is the fact that more than 10,000 donors find it worthwhile to support our goals and activities on a regular basis.<br \/>\r\n","link":{"title":"I want to join the donor's community","url":"http:\/\/segelyszervezet.hu\/adomanyozas","target":""}}]},{"acf_fc_layout":"rich-text","text":"<h1 style=\"text-align: center;\"><strong>Founding Churches <\/strong><\/h1>\n<p style=\"text-align: center;\">The Hungarian Interchurch Aid was founded in 1991 by Hungarian historical Protestant and Orthodox churches to provide professional assistance as the \u201cchurches\u2019 outstretched arm\u201d to those in need.<\/p>\n"},{"acf_fc_layout":"partners","title":"","list":""},{"acf_fc_layout":"rich-text","text":"<h1 style=\"text-align: center;\">International partners<\/h1>\n<p style=\"text-align: center;\">As a member of the international community, HIA is a partner of many organizations in humanitarian and development work. The experience gained from the collaborations and the worldwide network of contacts are a great help in providing effective, coordinated assistance.<\/p>\n"},{"acf_fc_layout":"partners","title":"","list":""},{"acf_fc_layout":"rich-text","text":"<h1 style=\"text-align: center;\">Corporate partners<\/h1>\n<p style=\"text-align: center;\">HIA is a partner of many companies in undertaking social responsibility. Each member of our diverse partner community contributes to our common goals according to their own capabilities and means.<\/p>\n<p style=\"text-align: center;\"><a href=\"https:\/\/www.segelyszervezet.hu\/en\/csr\">Get to know our corporate partners\u00a0<\/a><\/p>\n<p style=\"text-align: center;\">\n"},{"acf_fc_layout":"partners","title":"","list":""},{"acf_fc_layout":"rich-text","text":"<h1 style=\"text-align: center;\">National partners<\/h1>\n<p style=\"text-align: center;\">In the course of its activities, our organization places a great emphasis on partnerships with several governmental and non-governmental organizations.<\/p>\n"},{"acf_fc_layout":"partners","title":"","list":""},{"acf_fc_layout":"rich-text","text":"<h1 style=\"text-align: center;\">Media partners<\/h1>\n<p style=\"text-align: center;\">Any medium that is ready to help in sending our call for cooperation to as many people as possible is our key partner enabling us to show how donations can help.<\/p>\n<p>&nbsp;<\/p>\n"},{"acf_fc_layout":"partners","title":"","list":""}]},"yoast_head":"<!-- This site is optimized with the Yoast SEO plugin v24.8 - https:\/\/yoast.com\/wordpress\/plugins\/seo\/ -->\n<title>Our community - \u00d6kumenikus Seg\u00e9lyszervezet<\/title>\n<meta name=\"robots\" content=\"noindex, follow, max-snippet:-1, max-image-preview:large, max-video-preview:-1\" \/>\n<meta property=\"og:locale\" content=\"en_US\" \/>\n<meta property=\"og:type\" content=\"article\" \/>\n<meta property=\"og:title\" content=\"Our community - \u00d6kumenikus Seg\u00e9lyszervezet\" \/>\n<meta property=\"og:url\" content=\"https:\/\/okumenikus.oandertest.hu\/kozossegunk\" \/>\n<meta property=\"og:site_name\" content=\"\u00d6kumenikus Seg\u00e9lyszervezet\" \/>\n<meta property=\"article:publisher\" content=\"https:\/\/www.facebook.com\/segelyszervezet\/\" \/>\n<meta property=\"article:modified_time\" content=\"2020-07-09T19:44:39+00:00\" \/>\n<meta name=\"twitter:card\" content=\"summary_large_image\" \/>\n<script type=\"application\/ld+json\" class=\"yoast-schema-graph\">{\"@context\":\"https:\/\/schema.org\",\"@graph\":[{\"@type\":\"WebPage\",\"@id\":\"https:\/\/okumenikus.oandertest.hu\/kozossegunk\",\"url\":\"https:\/\/okumenikus.oandertest.hu\/kozossegunk\",\"name\":\"Our community - \u00d6kumenikus Seg\u00e9lyszervezet\",\"isPartOf\":{\"@id\":\"https:\/\/okumenikus.oandertest.hu\/#website\"},\"datePublished\":\"2020-07-03T04:28:13+00:00\",\"dateModified\":\"2020-07-09T19:44:39+00:00\",\"breadcrumb\":{\"@id\":\"https:\/\/okumenikus.oandertest.hu\/kozossegunk#breadcrumb\"},\"inLanguage\":\"en-US\",\"potentialAction\":[{\"@type\":\"ReadAction\",\"target\":[\"https:\/\/okumenikus.oandertest.hu\/kozossegunk\"]}]},{\"@type\":\"BreadcrumbList\",\"@id\":\"https:\/\/okumenikus.oandertest.hu\/kozossegunk#breadcrumb\",\"itemListElement\":[{\"@type\":\"ListItem\",\"position\":1,\"name\":\"Home\",\"item\":\"https:\/\/okumenikus.oandertest.hu\/en\"},{\"@type\":\"ListItem\",\"position\":2,\"name\":\"Our community\"}]},{\"@type\":\"WebSite\",\"@id\":\"https:\/\/okumenikus.oandertest.hu\/#website\",\"url\":\"https:\/\/okumenikus.oandertest.hu\/\",\"name\":\"\u00d6kumenikus Seg\u00e9lyszervezet\",\"description\":\"\",\"potentialAction\":[{\"@type\":\"SearchAction\",\"target\":{\"@type\":\"EntryPoint\",\"urlTemplate\":\"https:\/\/okumenikus.oandertest.hu\/?s={search_term_string}\"},\"query-input\":{\"@type\":\"PropertyValueSpecification\",\"valueRequired\":true,\"valueName\":\"search_term_string\"}}],\"inLanguage\":\"en-US\"}]}<\/script>\n<!-- \/ Yoast SEO plugin. -->","yoast_head_json":{"title":"Our community - \u00d6kumenikus Seg\u00e9lyszervezet","robots":{"index":"noindex","follow":"follow","max-snippet":"max-snippet:-1","max-image-preview":"max-image-preview:large","max-video-preview":"max-video-preview:-1"},"og_locale":"en_US","og_type":"article","og_title":"Our community - \u00d6kumenikus Seg\u00e9lyszervezet","og_url":"https:\/\/okumenikus.oandertest.hu\/kozossegunk","og_site_name":"\u00d6kumenikus Seg\u00e9lyszervezet","article_publisher":"https:\/\/www.facebook.com\/segelyszervezet\/","article_modified_time":"2020-07-09T19:44:39+00:00","twitter_card":"summary_large_image","schema":{"@context":"https:\/\/schema.org","@graph":[{"@type":"WebPage","@id":"https:\/\/okumenikus.oandertest.hu\/kozossegunk","url":"https:\/\/okumenikus.oandertest.hu\/kozossegunk","name":"Our community - \u00d6kumenikus Seg\u00e9lyszervezet","isPartOf":{"@id":"https:\/\/okumenikus.oandertest.hu\/#website"},"datePublished":"2020-07-03T04:28:13+00:00","dateModified":"2020-07-09T19:44:39+00:00","breadcrumb":{"@id":"https:\/\/okumenikus.oandertest.hu\/kozossegunk#breadcrumb"},"inLanguage":"en-US","potentialAction":[{"@type":"ReadAction","target":["https:\/\/okumenikus.oandertest.hu\/kozossegunk"]}]},{"@type":"BreadcrumbList","@id":"https:\/\/okumenikus.oandertest.hu\/kozossegunk#breadcrumb","itemListElement":[{"@type":"ListItem","position":1,"name":"Home","item":"https:\/\/okumenikus.oandertest.hu\/en"},{"@type":"ListItem","position":2,"name":"Our community"}]},{"@type":"WebSite","@id":"https:\/\/okumenikus.oandertest.hu\/#website","url":"https:\/\/okumenikus.oandertest.hu\/","name":"\u00d6kumenikus Seg\u00e9lyszervezet","description":"","potentialAction":[{"@type":"SearchAction","target":{"@type":"EntryPoint","urlTemplate":"https:\/\/okumenikus.oandertest.hu\/?s={search_term_string}"},"query-input":{"@type":"PropertyValueSpecification","valueRequired":true,"valueName":"search_term_string"}}],"inLanguage":"en-US"}]}},"_links":{"self":[{"href":"https:\/\/okumenikus.oandertest.hu\/en\/wp-json\/wp\/v2\/pages\/2455","targetHints":{"allow":["GET"]}}],"collection":[{"href":"https:\/\/okumenikus.oandertest.hu\/en\/wp-json\/wp\/v2\/pages"}],"about":[{"href":"https:\/\/okumenikus.oandertest.hu\/en\/wp-json\/wp\/v2\/types\/page"}],"author":[{"embeddable":true,"href":"https:\/\/okumenikus.oandertest.hu\/en\/wp-json\/wp\/v2\/users\/18"}],"replies":[{"embeddable":true,"href":"https:\/\/okumenikus.oandertest.hu\/en\/wp-json\/wp\/v2\/comments?post=2455"}],"version-history":[{"count":7,"href":"https:\/\/okumenikus.oandertest.hu\/en\/wp-json\/wp\/v2\/pages\/2455\/revisions"}],"predecessor-version":[{"id":3187,"href":"https:\/\/okumenikus.oandertest.hu\/en\/wp-json\/wp\/v2\/pages\/2455\/revisions\/3187"}],"wp:attachment":[{"href":"https:\/\/okumenikus.oandertest.hu\/en\/wp-json\/wp\/v2\/media?parent=2455"}],"curies":[{"name":"wp","href":"https:\/\/api.w.org\/{rel}","templated":true}]}}