{"id":2244,"date":"2020-05-21T13:28:10","date_gmt":"2020-05-21T11:28:10","guid":{"rendered":"https:\/\/okumenikus.oandertest.hu\/nemzetkozi-tevekenysegunk\/"},"modified":"2020-07-09T21:44:01","modified_gmt":"2020-07-09T19:44:01","slug":"international-assistance","status":"publish","type":"page","link":"https:\/\/okumenikus.oandertest.hu\/en\/international-assistance","title":{"rendered":"International assistance"},"content":{"rendered":"","protected":false},"excerpt":{"rendered":"","protected":false},"author":1,"featured_media":0,"parent":0,"menu_order":0,"comment_status":"closed","ping_status":"closed","template":"page-activities-international.php","meta":{"_acf_changed":false,"footnotes":""},"class_list":["post-2244","page","type-page","status-publish","hentry"],"better_featured_image":null,"acf":{"list-lead":"Since its establishment in 1991, HIA has implemented humanitarian and development aid programmes in about 40 countries. We have development centres ensuring continuous presence in several key areas.","list-hero-background":1597,"international_activities_description":"Cross-border solidarity: humanitarian aid and international development - The uniquely manifold experience in Hungary makes our organization suitable for the efficient delivery of donations from the Hungarian people and for the implementation of development programmes typically financed from international and governmental funds. With our experienced professionals, we are prepared to mediate the solidarity of those living in Hungary, beyond our borders, in the Carpathian Basin, and as part of the international community around the world.","international_activities_map":{"ID":1616,"id":1616,"title":"Vilagterkep_kiemeltorszagok_1920","filename":"Vilagterkep_kiemeltorszagok_1920.jpg","filesize":898782,"url":"https:\/\/okumenikus.oandertest.hu\/app\/uploads\/2020\/06\/Vilagterkep_kiemeltorszagok_1920.jpg","link":"https:\/\/okumenikus.oandertest.hu\/en\/international-assistance\/vilagterkep_kiemeltorszagok_1920-2","alt":"","author":"18","description":"","caption":"","name":"vilagterkep_kiemeltorszagok_1920-2","status":"inherit","uploaded_to":2244,"date":"2020-06-30 12:04:49","modified":"2020-06-30 12:04:49","menu_order":0,"mime_type":"image\/jpeg","type":"image","subtype":"jpeg","icon":"https:\/\/okumenikus.oandertest.hu\/wp\/wp-includes\/images\/media\/default.png","width":1920,"height":640,"sizes":{"thumbnail":"https:\/\/okumenikus.oandertest.hu\/app\/uploads\/2020\/06\/Vilagterkep_kiemeltorszagok_1920-270x270.jpg","thumbnail-width":270,"thumbnail-height":270,"medium":"https:\/\/okumenikus.oandertest.hu\/app\/uploads\/2020\/06\/Vilagterkep_kiemeltorszagok_1920-600x200.jpg","medium-width":600,"medium-height":200,"medium_large":"https:\/\/okumenikus.oandertest.hu\/app\/uploads\/2020\/06\/Vilagterkep_kiemeltorszagok_1920-768x256.jpg","medium_large-width":768,"medium_large-height":256,"large":"https:\/\/okumenikus.oandertest.hu\/app\/uploads\/2020\/06\/Vilagterkep_kiemeltorszagok_1920-1440x480.jpg","large-width":1440,"large-height":480,"1536x1536":"https:\/\/okumenikus.oandertest.hu\/app\/uploads\/2020\/06\/Vilagterkep_kiemeltorszagok_1920-1536x512.jpg","1536x1536-width":1536,"1536x1536-height":512,"2048x2048":"https:\/\/okumenikus.oandertest.hu\/app\/uploads\/2020\/06\/Vilagterkep_kiemeltorszagok_1920.jpg","2048x2048-width":1920,"2048x2048-height":640,"card-image":"https:\/\/okumenikus.oandertest.hu\/app\/uploads\/2020\/06\/Vilagterkep_kiemeltorszagok_1920-510x270.jpg","card-image-width":510,"card-image-height":270,"post_list_image":"https:\/\/okumenikus.oandertest.hu\/app\/uploads\/2020\/06\/Vilagterkep_kiemeltorszagok_1920-575x350.jpg","post_list_image-width":575,"post_list_image-height":350}},"activity-areas":[{"image":1619,"title":"Humanitarian assistance","text":"In the event of natural and industrial disasters, pandemics and armed conflicts, we provide immediate aid to ensure the basic needs of those affected."},{"image":1621,"title":"Reconstruction","text":"We also provide support to families, communities and institutions in post-disaster reconstruction work. "},{"image":1623,"title":"Capacity development","text":"Our infrastructure and organizational capacity building activities aim to create the necessary conditions for the development of civil society by strengthening the advocacy capacity of local communities."},{"image":1625,"title":"Education and vocational training ","text":"We help the education and vocational training of children, young people and adults in and out of school, taking into account local needs. By employing local labour, we contribute to the construction and development of the appropriate educational infrastructure."},{"image":1627,"title":"Agriculture and rural development","text":"With our interdependent rural development programmes, we support initiatives that create food security in an area:  <br \/>\r\nwe help with agricultural, water management and environmental protection programmes."},{"image":1629,"title":"Supporting local communities and initiatives","text":"Disadvantaged groups, families and small communities that are becoming independent and economically stronger also play a key role in poverty reduction and in sustainable development."},{"image":1631,"title":"Supporting persecuted Christians ","text":"Our priority goal is to help persecuted Christians return to their homeland and improve their living conditions. "},{"image":1633,"title":"Diverse approach","text":"Our aim is to provide sustainable assistance and we highly focus on children's rights, maintaining the honour of the beneficiaries, environmental sustainability, and to ensure equal rights for women."}],"mosaic_block":[{"image":1640,"title":"Iraq","description":"In 2016, we opened our local office in Erbil with the objective to support returning families and internally displaced persons through humanitarian and development programmes. <br \/>\r\nIn the past years, we have offered breakout opportunities through a number of large-scale and long-term programmes to those who were in a difficult situation as a result of the war.<br \/>\r\nWe carry out our activities in Iraq under the supervision of our Hungarian headquarter, through the Erbil-based local office, in cooperation with Hungarian staff seconded to the field, as well as with local staff, experts and local partners.","link":{"title":"More about our work in Iraq","url":"https:\/\/staging-oku.oandertest.hu\/en\/irak\/","target":""}},{"image":1636,"title":"Ukraine","description":"HIA has been present in Transcarpathia since the organization's establishment. In order to carry out the reconstruction work after the great flood in Transcarpathia in 1998, we opened an office in Beregsz\u00e1sz, which is still operating. As an organization officially registered both in Transcarpathia and in Kiev, we carry out our work throughout Ukraine with a permanent representation.<br \/>\r\nIn addition to humanitarian aid provided after disasters, the aim of our activity is to deliver long-term sustainable development model programmes that promote the development of primarily the Transcarpathian region of western Ukraine.","link":{"title":"More about our work in Ukraine","url":"https:\/\/staging-oku.oandertest.hu\/en\/ukrajna\/","target":""}},{"image":1638,"title":"Romania","description":"After the events in Romania in 1989, HIA was actively involved in delivering foreign aid. Following the stabilization of the country the economic development has changed the local needs and the purposes of aid programmes.<br \/>\r\nIn recent decades, we have been regularly involved in providing humanitarian assistance in disasters affecting Transylvania, and we regularly provide support for the social work of our local partners. As part of our targeted aid programmes, we support the care of families in need and the elderly in T\u00e2rgu Mure\u015f and its region.","link":{"title":"More about our work in Romania","url":"https:\/\/staging-oku.oandertest.hu\/en\/romania\/","target":""}},{"image":1642,"title":"Afghanistan","description":"Since 2001, HIA has been implementing humanitarian and development programmes in the country devastated by war for decades. In addition to humanitarian aid, our objective is to achieve, through our permanent local office, long-term sustainable results in the areas of education, rural development, public administration development, health and capacity building. In partnership with the United Nations World Food Program (WFP), we deliver thousands of tons of food each year through \u201cfood for work\u201d programmes to those in need. In the complex food programmes, we help the population to make a long-term sustainable living through income-generating training, agricultural, water management and infrastructural developments. ","link":{"title":"More about our work in Afghanistan","url":"https:\/\/staging-oku.oandertest.hu\/en\/afganisztan\/","target":""}},{"image":1650,"title":"Western Balkans","description":"For almost 30 years, HIA-Hungary has been actively involved in providing humanitarian aid to the people living in the area, in implementing integration and development programmes, helping disaster victims, organizing courses and providing support in finding employment and staying on the labour market. In recent years, our work has focused on supporting the education of children in the area.","link":{"title":"More about our work in Western Balkans","url":"https:\/\/staging-oku.oandertest.hu\/en\/nyugat-balkan\/","target":""}},{"image":1652,"title":"Coronavirus pandemic","description":"The economic and social impacts of the coronavirus epidemic have profoundly affected the daily lives of people, companies and organizations worldwide.\u00a0In an epidemic situation the mission of our organization remains the same: to help people in trouble and the needy, those in need who were hit by the consequences of the pandemic when they were in a very difficult situation already. In addition to the significant assistance provided in Hungary, we also continue our international activities from the funds specifically provided for this purpose, providing humanitarian assistance in several locations in the aftermath of the pandemic.","link":{"title":"More about our work","url":"https:\/\/staging-oku.oandertest.hu\/en\/koronavirus-vilagjarvany-2020\/","target":""}}],"partners":{"title":"As part of the international community, HIA is a partner of many organizations.","list":""},"related_articles_title":"Kapcsol\u00f3d\u00f3 <b>cikkeink<\/b>","is-hero":true,"hero-media-type":"image","hero-layout":"left","hero-subtitle":"HIA has implemented humanitarian and development aid programmes in about 40 countries and operates development centres in several countries.","hero-button":"","hero-cover-media-type":"image","hero-background":1597,"related_press_title":"Kapcsol\u00f3d\u00f3 <b>olvasnival\u00f3k<\/b>","related_press_list":"","mosaic_cropped":false},"yoast_head":"<!-- This site is optimized with the Yoast SEO plugin v24.8 - https:\/\/yoast.com\/wordpress\/plugins\/seo\/ -->\n<title>International assistance - \u00d6kumenikus Seg\u00e9lyszervezet<\/title>\n<meta name=\"robots\" content=\"noindex, follow, max-snippet:-1, max-image-preview:large, max-video-preview:-1\" \/>\n<meta property=\"og:locale\" content=\"en_US\" \/>\n<meta property=\"og:type\" content=\"article\" \/>\n<meta property=\"og:title\" content=\"International assistance - \u00d6kumenikus Seg\u00e9lyszervezet\" \/>\n<meta property=\"og:url\" content=\"https:\/\/okumenikus.oandertest.hu\/nemzetkozi-tevekenysegunk\" \/>\n<meta property=\"og:site_name\" content=\"\u00d6kumenikus Seg\u00e9lyszervezet\" \/>\n<meta property=\"article:publisher\" content=\"https:\/\/www.facebook.com\/segelyszervezet\/\" \/>\n<meta property=\"article:modified_time\" content=\"2020-07-09T19:44:01+00:00\" \/>\n<meta name=\"twitter:card\" content=\"summary_large_image\" \/>\n<script type=\"application\/ld+json\" class=\"yoast-schema-graph\">{\"@context\":\"https:\/\/schema.org\",\"@graph\":[{\"@type\":\"WebPage\",\"@id\":\"https:\/\/okumenikus.oandertest.hu\/nemzetkozi-tevekenysegunk\",\"url\":\"https:\/\/okumenikus.oandertest.hu\/nemzetkozi-tevekenysegunk\",\"name\":\"International assistance - \u00d6kumenikus Seg\u00e9lyszervezet\",\"isPartOf\":{\"@id\":\"https:\/\/okumenikus.oandertest.hu\/#website\"},\"datePublished\":\"2020-05-21T11:28:10+00:00\",\"dateModified\":\"2020-07-09T19:44:01+00:00\",\"breadcrumb\":{\"@id\":\"https:\/\/okumenikus.oandertest.hu\/nemzetkozi-tevekenysegunk#breadcrumb\"},\"inLanguage\":\"en-US\",\"potentialAction\":[{\"@type\":\"ReadAction\",\"target\":[\"https:\/\/okumenikus.oandertest.hu\/nemzetkozi-tevekenysegunk\"]}]},{\"@type\":\"BreadcrumbList\",\"@id\":\"https:\/\/okumenikus.oandertest.hu\/nemzetkozi-tevekenysegunk#breadcrumb\",\"itemListElement\":[{\"@type\":\"ListItem\",\"position\":1,\"name\":\"Home\",\"item\":\"https:\/\/okumenikus.oandertest.hu\/en\"},{\"@type\":\"ListItem\",\"position\":2,\"name\":\"International assistance\"}]},{\"@type\":\"WebSite\",\"@id\":\"https:\/\/okumenikus.oandertest.hu\/#website\",\"url\":\"https:\/\/okumenikus.oandertest.hu\/\",\"name\":\"\u00d6kumenikus Seg\u00e9lyszervezet\",\"description\":\"\",\"potentialAction\":[{\"@type\":\"SearchAction\",\"target\":{\"@type\":\"EntryPoint\",\"urlTemplate\":\"https:\/\/okumenikus.oandertest.hu\/?s={search_term_string}\"},\"query-input\":{\"@type\":\"PropertyValueSpecification\",\"valueRequired\":true,\"valueName\":\"search_term_string\"}}],\"inLanguage\":\"en-US\"}]}<\/script>\n<!-- \/ Yoast SEO plugin. -->","yoast_head_json":{"title":"International assistance - \u00d6kumenikus Seg\u00e9lyszervezet","robots":{"index":"noindex","follow":"follow","max-snippet":"max-snippet:-1","max-image-preview":"max-image-preview:large","max-video-preview":"max-video-preview:-1"},"og_locale":"en_US","og_type":"article","og_title":"International assistance - \u00d6kumenikus Seg\u00e9lyszervezet","og_url":"https:\/\/okumenikus.oandertest.hu\/nemzetkozi-tevekenysegunk","og_site_name":"\u00d6kumenikus Seg\u00e9lyszervezet","article_publisher":"https:\/\/www.facebook.com\/segelyszervezet\/","article_modified_time":"2020-07-09T19:44:01+00:00","twitter_card":"summary_large_image","schema":{"@context":"https:\/\/schema.org","@graph":[{"@type":"WebPage","@id":"https:\/\/okumenikus.oandertest.hu\/nemzetkozi-tevekenysegunk","url":"https:\/\/okumenikus.oandertest.hu\/nemzetkozi-tevekenysegunk","name":"International assistance - \u00d6kumenikus Seg\u00e9lyszervezet","isPartOf":{"@id":"https:\/\/okumenikus.oandertest.hu\/#website"},"datePublished":"2020-05-21T11:28:10+00:00","dateModified":"2020-07-09T19:44:01+00:00","breadcrumb":{"@id":"https:\/\/okumenikus.oandertest.hu\/nemzetkozi-tevekenysegunk#breadcrumb"},"inLanguage":"en-US","potentialAction":[{"@type":"ReadAction","target":["https:\/\/okumenikus.oandertest.hu\/nemzetkozi-tevekenysegunk"]}]},{"@type":"BreadcrumbList","@id":"https:\/\/okumenikus.oandertest.hu\/nemzetkozi-tevekenysegunk#breadcrumb","itemListElement":[{"@type":"ListItem","position":1,"name":"Home","item":"https:\/\/okumenikus.oandertest.hu\/en"},{"@type":"ListItem","position":2,"name":"International assistance"}]},{"@type":"WebSite","@id":"https:\/\/okumenikus.oandertest.hu\/#website","url":"https:\/\/okumenikus.oandertest.hu\/","name":"\u00d6kumenikus Seg\u00e9lyszervezet","description":"","potentialAction":[{"@type":"SearchAction","target":{"@type":"EntryPoint","urlTemplate":"https:\/\/okumenikus.oandertest.hu\/?s={search_term_string}"},"query-input":{"@type":"PropertyValueSpecification","valueRequired":true,"valueName":"search_term_string"}}],"inLanguage":"en-US"}]}},"_links":{"self":[{"href":"https:\/\/okumenikus.oandertest.hu\/en\/wp-json\/wp\/v2\/pages\/2244","targetHints":{"allow":["GET"]}}],"collection":[{"href":"https:\/\/okumenikus.oandertest.hu\/en\/wp-json\/wp\/v2\/pages"}],"about":[{"href":"https:\/\/okumenikus.oandertest.hu\/en\/wp-json\/wp\/v2\/types\/page"}],"author":[{"embeddable":true,"href":"https:\/\/okumenikus.oandertest.hu\/en\/wp-json\/wp\/v2\/users\/1"}],"replies":[{"embeddable":true,"href":"https:\/\/okumenikus.oandertest.hu\/en\/wp-json\/wp\/v2\/comments?post=2244"}],"version-history":[{"count":8,"href":"https:\/\/okumenikus.oandertest.hu\/en\/wp-json\/wp\/v2\/pages\/2244\/revisions"}],"predecessor-version":[{"id":3755,"href":"https:\/\/okumenikus.oandertest.hu\/en\/wp-json\/wp\/v2\/pages\/2244\/revisions\/3755"}],"wp:attachment":[{"href":"https:\/\/okumenikus.oandertest.hu\/en\/wp-json\/wp\/v2\/media?parent=2244"}],"curies":[{"name":"wp","href":"https:\/\/api.w.org\/{rel}","templated":true}]}}